{"id":3969,"date":"2026-04-01T11:02:21","date_gmt":"2026-04-01T09:02:21","guid":{"rendered":"https:\/\/gazdagodas-akademia.com\/blogom\/?page_id=3969"},"modified":"2026-04-01T11:23:45","modified_gmt":"2026-04-01T09:23:45","slug":"bajnok-kepzo-2","status":"publish","type":"page","link":"https:\/\/gazdagodas-akademia.com\/blogom\/bajnok-kepzo-2\/","title":{"rendered":"Bajnok K\u00e9pz\u0151 bel\u00e9p\u0151"},"content":{"rendered":"\n<script>\n(function () {\n    var versionA = \"https:\/\/gazdagodas-akademia.com\/blogom\/aranybanya\";\n    var versionB = \"https:\/\/gazdagodas-akademia.com\/blogom\/ne-legy-tusz\";\n    var storageKey = \"ga_ab_test_choice\";\n    var cookieName = \"ga_ab_test_choice\";\n    var assignedVersion = null;\n\n    function setCookie(name, value, days) {\n        var expires = \"\";\n        if (days) {\n            var date = new Date();\n            date.setTime(date.getTime() + (days * 24 * 60 * 60 * 1000));\n            expires = \"; expires=\" + date.toUTCString();\n        }\n        document.cookie = name + \"=\" + value + expires + \"; path=\/\";\n    }\n\n    function getCookie(name) {\n        var match = document.cookie.match(new RegExp(\"(^| )\" + name + \"=([^;]+)\"));\n        return match ? match[2] : null;\n    }\n\n    try {\n        assignedVersion = localStorage.getItem(storageKey);\n    } catch (e) {}\n\n    if (!assignedVersion) {\n        assignedVersion = getCookie(cookieName);\n    }\n\n    if (!assignedVersion) {\n        assignedVersion = Math.random() < 0.5 ? \"A\" : \"B\";\n\n        try {\n            localStorage.setItem(storageKey, assignedVersion);\n        } catch (e) {}\n\n        setCookie(cookieName, assignedVersion, 30);\n    }\n\n    window.dataLayer = window.dataLayer || [];\n    window.dataLayer.push({\n        event: \"ab_variant_assigned\",\n        ab_test_name: \"aranybanya_test\",\n        ab_variant: assignedVersion\n    });\n\n    window.location.replace(assignedVersion === \"A\" ? versionA : versionB);\n})();\n<\/script>\n\n<div style=\"background:#0b0b0b; color:#D4AF37; height:100vh; display:flex; align-items:center; justify-content:center; font-family:Montserrat,sans-serif;\">\n    <p>\u00c1tir\u00e1ny\u00edt\u00e1s folyamatban...<\/p>\n<\/div>\n","protected":false},"excerpt":{"rendered":"<p>\u00c1tir\u00e1ny\u00edt\u00e1s folyamatban&#8230;<\/p>\n","protected":false},"author":1,"featured_media":0,"parent":0,"menu_order":0,"comment_status":"closed","ping_status":"closed","template":"","meta":{"_seopress_robots_primary_cat":"","_seopress_titles_title":"","_seopress_titles_desc":"","_seopress_robots_index":"","_eb_attr":"","footnotes":""},"class_list":["post-3969","page","type-page","status-publish","hentry"],"_links":{"self":[{"href":"https:\/\/gazdagodas-akademia.com\/blogom\/wp-json\/wp\/v2\/pages\/3969","targetHints":{"allow":["GET"]}}],"collection":[{"href":"https:\/\/gazdagodas-akademia.com\/blogom\/wp-json\/wp\/v2\/pages"}],"about":[{"href":"https:\/\/gazdagodas-akademia.com\/blogom\/wp-json\/wp\/v2\/types\/page"}],"author":[{"embeddable":true,"href":"https:\/\/gazdagodas-akademia.com\/blogom\/wp-json\/wp\/v2\/users\/1"}],"replies":[{"embeddable":true,"href":"https:\/\/gazdagodas-akademia.com\/blogom\/wp-json\/wp\/v2\/comments?post=3969"}],"version-history":[{"count":3,"href":"https:\/\/gazdagodas-akademia.com\/blogom\/wp-json\/wp\/v2\/pages\/3969\/revisions"}],"predecessor-version":[{"id":3972,"href":"https:\/\/gazdagodas-akademia.com\/blogom\/wp-json\/wp\/v2\/pages\/3969\/revisions\/3972"}],"wp:attachment":[{"href":"https:\/\/gazdagodas-akademia.com\/blogom\/wp-json\/wp\/v2\/media?parent=3969"}],"curies":[{"name":"wp","href":"https:\/\/api.w.org\/{rel}","templated":true}]}}