{"id":3606,"date":"2026-03-06T11:05:35","date_gmt":"2026-03-06T10:05:35","guid":{"rendered":"https:\/\/gazdagodas-akademia.com\/blogom\/?page_id=3606"},"modified":"2026-03-06T11:05:53","modified_gmt":"2026-03-06T10:05:53","slug":"impresszum-2","status":"publish","type":"page","link":"https:\/\/gazdagodas-akademia.com\/blogom\/impresszum-2\/","title":{"rendered":"Impresszum"},"content":{"rendered":"\n<div style=\"font-family:sans-serif;line-height:1.6;color:#333;max-width:800px;margin:auto;padding:20px;background:#fff;\">\n<h2 style=\"border-bottom:2px solid #D4AF37;padding-bottom:10px;\">Impresszum<\/h2>\n<p><strong>Szolg\u00e1ltat\u00f3 adatai:<\/strong><\/p>\n<p>N\u00e9v: Debreceni Zolt\u00e1n (Ad\u00f3sz\u00e1mos mag\u00e1nszem\u00e9ly)<br>\nSz\u00e9khely: 1138 Budapest, R\u00e9v\u00e9sz utca 2\/B.<br>\nAd\u00f3sz\u00e1m: 8335113904<br>\nNyugd\u00edjas t\u00f6rzssz\u00e1m: 189-28352-2<\/p>\n\n<p><strong>El\u00e9rhet\u0151s\u00e9g:<\/strong><br>\nE-mail: hello@gazdagodas-akademia.com<br>\nTelefon: +36 70 334 2015<\/p>\n\n<p><strong>T\u00e1rhelyszolg\u00e1ltat\u00f3 adatai:<\/strong><br>\nN\u00e9v: GVO (Global Virtual Opportunities)<br>\nC\u00edm: 6701 Guada Luna, San Antonio, TX 78233, USA<br>\nE-mail: support@gogvo.com<\/p>\n<\/div>\n","protected":false},"excerpt":{"rendered":"<p>Impresszum Szolg\u00e1ltat\u00f3 adatai: N\u00e9v: Debreceni Zolt\u00e1n (Ad\u00f3sz\u00e1mos mag\u00e1nszem\u00e9ly) Sz\u00e9khely: 1138 Budapest, R\u00e9v\u00e9sz utca 2\/B. Ad\u00f3sz\u00e1m: 8335113904 Nyugd\u00edjas t\u00f6rzssz\u00e1m: 189-28352-2 El\u00e9rhet\u0151s\u00e9g: E-mail: hello@gazdagodas-akademia.com Telefon: +36 70 334 2015 T\u00e1rhelyszolg\u00e1ltat\u00f3 adatai: N\u00e9v: GVO (Global Virtual Opportunities) C\u00edm: 6701 Guada Luna, San Antonio, TX 78233, USA E-mail: support@gogvo.com<\/p>\n","protected":false},"author":1,"featured_media":0,"parent":0,"menu_order":0,"comment_status":"closed","ping_status":"closed","template":"","meta":{"_seopress_robots_primary_cat":"","_seopress_titles_title":"","_seopress_titles_desc":"","_seopress_robots_index":"","_eb_attr":"","footnotes":""},"class_list":["post-3606","page","type-page","status-publish","hentry"],"_links":{"self":[{"href":"https:\/\/gazdagodas-akademia.com\/blogom\/wp-json\/wp\/v2\/pages\/3606","targetHints":{"allow":["GET"]}}],"collection":[{"href":"https:\/\/gazdagodas-akademia.com\/blogom\/wp-json\/wp\/v2\/pages"}],"about":[{"href":"https:\/\/gazdagodas-akademia.com\/blogom\/wp-json\/wp\/v2\/types\/page"}],"author":[{"embeddable":true,"href":"https:\/\/gazdagodas-akademia.com\/blogom\/wp-json\/wp\/v2\/users\/1"}],"replies":[{"embeddable":true,"href":"https:\/\/gazdagodas-akademia.com\/blogom\/wp-json\/wp\/v2\/comments?post=3606"}],"version-history":[{"count":2,"href":"https:\/\/gazdagodas-akademia.com\/blogom\/wp-json\/wp\/v2\/pages\/3606\/revisions"}],"predecessor-version":[{"id":3608,"href":"https:\/\/gazdagodas-akademia.com\/blogom\/wp-json\/wp\/v2\/pages\/3606\/revisions\/3608"}],"wp:attachment":[{"href":"https:\/\/gazdagodas-akademia.com\/blogom\/wp-json\/wp\/v2\/media?parent=3606"}],"curies":[{"name":"wp","href":"https:\/\/api.w.org\/{rel}","templated":true}]}}