{"id":1693,"date":"2021-01-28T15:14:40","date_gmt":"2021-01-28T14:14:40","guid":{"rendered":"http:\/\/gazdagodas-akademia.com\/?page_id=1693"},"modified":"2026-03-10T09:38:03","modified_gmt":"2026-03-10T08:38:03","slug":"online-vezetokepzo-tanfolyam","status":"publish","type":"page","link":"https:\/\/gazdagodas-akademia.com\/blogom\/online-vezetokepzo-tanfolyam\/","title":{"rendered":"Bajnok k\u00e9pz\u0151"},"content":{"rendered":"<h1 style=\"text-align: center;\"><span style=\"color: #800000;\"><strong>A csoport nagys\u00e1ga, \u00e9s n\u00f6veked\u00e9se minden esetben a vezet\u0151 nagys\u00e1g\u00e1n, \u00e9s n\u00f6veked\u00e9s\u00e9n m\u00falik!\u00a0<\/strong><\/span><\/h1>\n<p style=\"text-align: center;\"><strong>A bajnok k\u00e9pz\u0151 online tanfolyam egy emelt szint\u0171 speci\u00e1lis tr\u00e9ning, Russel Brunson: A Szak\u00e9rt\u0151i Titkok c\u00edm\u0171 k\u00f6nyve alapj\u00e1n lett \u00f6ssze \u00e1ll\u00edtva.\u00a0<\/strong><\/p>\n<p>Ez a tr\u00e9ning az E.O.H = Eredm\u00e9nye Online H\u00e1l\u00f3zat\u00e9p\u00edt\u00e9s alap szakasz\u00e1nak elv\u00e9gz\u00e9se ut\u00e1n v\u00e1lik csak lehets\u00e9gess\u00e9!<\/p>\n<p>Els\u0151dleges feladata az, hogy \u00e1tlag emberekb\u0151l kihozza azokat a bels\u0151 k\u00e9pess\u00e9geket, amik alapj\u00e1n vezet\u0151v\u00e9 tudnak v\u00e1lni!<\/p>\n<p>Ez a tanfolyam nem a technikai k\u00e9pess\u00e9geket fogja csiszolni, hanem a gondolkod\u00e1s m\u00f3dban, a hozz\u00e1\u00e1ll\u00e1sban, \u00e9s a vil\u00e1g szeml\u00e9letben ad v\u00e1ltoz\u00e1st pozit\u00edv m\u00f3don!<\/p>\n<hr \/>\n<p><strong>N\u00e9zd meg, hogy mit mondtak m\u00e1sok amikor m\u00e9g nem tudt\u00e1k, hogy mit fognak a tanfolyamt\u00f3l kapni:<\/strong><\/p>\n\n\n<p>Kosztol\u00e1nyi Csaba: <\/p>\n\n\n\n<div class=\"wp-block-essential-blocks-advanced-video  root-eb-advanced-video-fxgc6\"><div class=\"eb-parent-wrapper eb-parent-eb-advanced-video-fxgc6 \"><div class=\"eb-advanced-video-wrapper eb-advanced-video-fxgc6 none\" data-id=\"eb-advanced-video-fxgc6\"><div class=\"eb-player-wrapper eb-advanced-video-fxgc6\"><div class=\"eb-player-option none right\" data-id=\"eb-advanced-video-fxgc6\" data-url=\"https:\/\/s2.gvovideo.com\/537509\/video.mp4\" data-option=\"none\" data-controls=\"true\" data-loop=\"false\" data-muted=\"false\" data-playing=\"false\" data-overlay=\"false\" data-light=\"https:\/\/gazdagodas-akademia.com\/blogom\/wp-content\/plugins\/essential-blocks\/assets\/images\/adv-video-placeholder.png\" data-customplayicontype=\"image\" data-customplayiconlib=\"fas fa-play-circle\" data-customplayicon=\"true\" data-playicon=\"https:\/\/gazdagodas-akademia.com\/blogom\/wp-content\/plugins\/essential-blocks\/assets\/images\/adv-video-playicon.svg\" data-download=\"false\"><\/div><\/div><\/div><\/div><\/div>\n\n\n\n<p>Babinszki M\u00f3nika: <\/p>\n\n\n\n<div class=\"wp-block-essential-blocks-advanced-video  root-eb-advanced-video-zr594\"><div class=\"eb-parent-wrapper eb-parent-eb-advanced-video-zr594 \"><div class=\"eb-advanced-video-wrapper eb-advanced-video-zr594 none\" data-id=\"eb-advanced-video-zr594\"><div class=\"eb-player-wrapper eb-advanced-video-zr594\"><div class=\"eb-player-option none right\" data-id=\"eb-advanced-video-zr594\" data-url=\"https:\/\/s1.gvovideo.com\/537513\/video.mp4\" data-option=\"none\" data-controls=\"true\" data-loop=\"false\" data-muted=\"false\" data-playing=\"false\" data-overlay=\"false\" data-light=\"https:\/\/gazdagodas-akademia.com\/blogom\/wp-content\/plugins\/essential-blocks\/assets\/images\/adv-video-placeholder.png\" data-customplayicontype=\"image\" data-customplayiconlib=\"fas fa-play-circle\" data-customplayicon=\"true\" data-playicon=\"https:\/\/gazdagodas-akademia.com\/blogom\/wp-content\/plugins\/essential-blocks\/assets\/images\/adv-video-playicon.svg\" data-download=\"false\"><\/div><\/div><\/div><\/div><\/div>\n\n\n\n<p>Gy\u0151rin\u00e9 Kun Zs\u00f3ka: <\/p>\n\n\n\n<div class=\"wp-block-essential-blocks-advanced-video  root-eb-advanced-video-1e1qb\"><div class=\"eb-parent-wrapper eb-parent-eb-advanced-video-1e1qb \"><div class=\"eb-advanced-video-wrapper eb-advanced-video-1e1qb none\" data-id=\"eb-advanced-video-1e1qb\"><div class=\"eb-player-wrapper eb-advanced-video-1e1qb\"><div class=\"eb-player-option none right\" data-id=\"eb-advanced-video-1e1qb\" data-url=\"https:\/\/s2.gvovideo.com\/537501\/video.mp4\" data-option=\"none\" data-controls=\"true\" data-loop=\"false\" data-muted=\"false\" data-playing=\"false\" data-overlay=\"false\" data-light=\"https:\/\/gazdagodas-akademia.com\/blogom\/wp-content\/plugins\/essential-blocks\/assets\/images\/adv-video-placeholder.png\" data-customplayicontype=\"image\" data-customplayiconlib=\"fas fa-play-circle\" data-customplayicon=\"true\" data-playicon=\"https:\/\/gazdagodas-akademia.com\/blogom\/wp-content\/plugins\/essential-blocks\/assets\/images\/adv-video-playicon.svg\" data-download=\"false\"><\/div><\/div><\/div><\/div><\/div>\n\n\n\n<p>Kapusi Adrienn: <\/p>\n\n\n\n<div class=\"wp-block-essential-blocks-advanced-video  root-eb-advanced-video-39vk9\"><div class=\"eb-parent-wrapper eb-parent-eb-advanced-video-39vk9 \"><div class=\"eb-advanced-video-wrapper eb-advanced-video-39vk9 none\" data-id=\"eb-advanced-video-39vk9\"><div class=\"eb-player-wrapper eb-advanced-video-39vk9\"><div class=\"eb-player-option none right\" data-id=\"eb-advanced-video-39vk9\" data-url=\"https:\/\/s1.gvovideo.com\/537505\/video.mp4\" data-option=\"none\" data-controls=\"true\" data-loop=\"false\" data-muted=\"false\" data-playing=\"false\" data-overlay=\"false\" data-light=\"https:\/\/gazdagodas-akademia.com\/blogom\/wp-content\/plugins\/essential-blocks\/assets\/images\/adv-video-placeholder.png\" data-customplayicontype=\"image\" data-customplayiconlib=\"fas fa-play-circle\" data-customplayicon=\"true\" data-playicon=\"https:\/\/gazdagodas-akademia.com\/blogom\/wp-content\/plugins\/essential-blocks\/assets\/images\/adv-video-playicon.svg\" data-download=\"false\"><\/div><\/div><\/div><\/div><\/div>\n\n\n\n<p>Nagy Zsuzs\u00e1nna: <\/p>\n\n\n\n<div class=\"wp-block-essential-blocks-advanced-video  root-eb-advanced-video-h2d3c\"><div class=\"eb-parent-wrapper eb-parent-eb-advanced-video-h2d3c \"><div class=\"eb-advanced-video-wrapper eb-advanced-video-h2d3c none\" data-id=\"eb-advanced-video-h2d3c\"><div class=\"eb-player-wrapper eb-advanced-video-h2d3c\"><div class=\"eb-player-option none right\" data-id=\"eb-advanced-video-h2d3c\" data-url=\"https:\/\/s1.gvovideo.com\/537515\/video.mp4\" data-option=\"none\" data-controls=\"true\" data-loop=\"false\" data-muted=\"false\" data-playing=\"false\" data-overlay=\"false\" data-light=\"https:\/\/gazdagodas-akademia.com\/blogom\/wp-content\/plugins\/essential-blocks\/assets\/images\/adv-video-placeholder.png\" data-customplayicontype=\"image\" data-customplayiconlib=\"fas fa-play-circle\" data-customplayicon=\"true\" data-playicon=\"https:\/\/gazdagodas-akademia.com\/blogom\/wp-content\/plugins\/essential-blocks\/assets\/images\/adv-video-playicon.svg\" data-download=\"false\"><\/div><\/div><\/div><\/div><\/div>\n\n\n\n<h2 class=\"wp-block-heading\">\u0150k ezt mondt\u00e1k a Bajnok K\u00e9pz\u0151 online tanfolyam elv\u00e9gz\u00e9se ut\u00e1n: <\/h2>\n\n\n\n<p>Kosztol\u00e1nyi Csaba: <\/p>\n\n\n\n<div class=\"wp-block-essential-blocks-advanced-video  root-eb-advanced-video-naqs3\"><div class=\"eb-parent-wrapper eb-parent-eb-advanced-video-naqs3 \"><div class=\"eb-advanced-video-wrapper eb-advanced-video-naqs3 none\" data-id=\"eb-advanced-video-naqs3\"><div class=\"eb-player-wrapper eb-advanced-video-naqs3\"><div class=\"eb-player-option none right\" data-id=\"eb-advanced-video-naqs3\" data-url=\"https:\/\/s1.gvovideo.com\/537705\/video.mp4\" data-option=\"none\" data-controls=\"true\" data-loop=\"false\" data-muted=\"false\" data-playing=\"false\" data-overlay=\"false\" data-light=\"https:\/\/gazdagodas-akademia.com\/blogom\/wp-content\/plugins\/essential-blocks\/assets\/images\/adv-video-placeholder.png\" data-customplayicontype=\"image\" data-customplayiconlib=\"fas fa-play-circle\" data-customplayicon=\"true\" data-playicon=\"https:\/\/gazdagodas-akademia.com\/blogom\/wp-content\/plugins\/essential-blocks\/assets\/images\/adv-video-playicon.svg\" data-download=\"false\"><\/div><\/div><\/div><\/div><\/div>\n\n\n\n<p>Babinszki M\u00f3nika:<\/p>\n\n\n\n<div class=\"wp-block-essential-blocks-advanced-video  root-eb-advanced-video-z8q0w\"><div class=\"eb-parent-wrapper eb-parent-eb-advanced-video-z8q0w \"><div class=\"eb-advanced-video-wrapper eb-advanced-video-z8q0w none\" data-id=\"eb-advanced-video-z8q0w\"><div class=\"eb-player-wrapper eb-advanced-video-z8q0w\"><div class=\"eb-player-option none right\" data-id=\"eb-advanced-video-z8q0w\" data-url=\"https:\/\/s2.gvovideo.com\/537889\/video.mp4\" data-option=\"none\" data-controls=\"true\" data-loop=\"false\" data-muted=\"false\" data-playing=\"false\" data-overlay=\"false\" data-light=\"https:\/\/gazdagodas-akademia.com\/blogom\/wp-content\/plugins\/essential-blocks\/assets\/images\/adv-video-placeholder.png\" data-customplayicontype=\"image\" data-customplayiconlib=\"fas fa-play-circle\" data-customplayicon=\"true\" data-playicon=\"https:\/\/gazdagodas-akademia.com\/blogom\/wp-content\/plugins\/essential-blocks\/assets\/images\/adv-video-playicon.svg\" data-download=\"false\"><\/div><\/div><\/div><\/div><\/div>\n\n\n\n<p>Gy\u0151rin\u00e9 Kun Zs\u00f3ka: <\/p>\n\n\n\n<div class=\"wp-block-essential-blocks-advanced-video  root-eb-advanced-video-8idmg\"><div class=\"eb-parent-wrapper eb-parent-eb-advanced-video-8idmg \"><div class=\"eb-advanced-video-wrapper eb-advanced-video-8idmg none\" data-id=\"eb-advanced-video-8idmg\"><div class=\"eb-player-wrapper eb-advanced-video-8idmg\"><div class=\"eb-player-option none right\" data-id=\"eb-advanced-video-8idmg\" data-url=\"https:\/\/s1.gvovideo.com\/537719\/video.mp4\" data-option=\"none\" data-controls=\"true\" data-loop=\"false\" data-muted=\"false\" data-playing=\"false\" data-overlay=\"false\" data-light=\"https:\/\/gazdagodas-akademia.com\/blogom\/wp-content\/plugins\/essential-blocks\/assets\/images\/adv-video-placeholder.png\" data-customplayicontype=\"image\" data-customplayiconlib=\"fas fa-play-circle\" data-customplayicon=\"true\" data-playicon=\"https:\/\/gazdagodas-akademia.com\/blogom\/wp-content\/plugins\/essential-blocks\/assets\/images\/adv-video-playicon.svg\" data-download=\"false\"><\/div><\/div><\/div><\/div><\/div>\n\n\n\n<p>Kapusi Adrienn: <\/p>\n\n\n\n<div class=\"wp-block-essential-blocks-advanced-video  root-eb-advanced-video-atuw5\"><div class=\"eb-parent-wrapper eb-parent-eb-advanced-video-atuw5 \"><div class=\"eb-advanced-video-wrapper eb-advanced-video-atuw5 none\" data-id=\"eb-advanced-video-atuw5\"><div class=\"eb-player-wrapper eb-advanced-video-atuw5\"><div class=\"eb-player-option none right\" data-id=\"eb-advanced-video-atuw5\" data-url=\"https:\/\/s1.gvovideo.com\/537691\/video.mp4\" data-option=\"none\" data-controls=\"true\" data-loop=\"false\" data-muted=\"false\" data-playing=\"false\" data-overlay=\"false\" data-light=\"https:\/\/gazdagodas-akademia.com\/blogom\/wp-content\/plugins\/essential-blocks\/assets\/images\/adv-video-placeholder.png\" data-customplayicontype=\"image\" data-customplayiconlib=\"fas fa-play-circle\" data-customplayicon=\"true\" data-playicon=\"https:\/\/gazdagodas-akademia.com\/blogom\/wp-content\/plugins\/essential-blocks\/assets\/images\/adv-video-playicon.svg\" data-download=\"false\"><\/div><\/div><\/div><\/div><\/div>\n\n\n\n<p>Nagy Zsuzs\u00e1nna: <\/p>\n\n\n\n<div class=\"wp-block-essential-blocks-advanced-video  root-eb-advanced-video-lrnjt\"><div class=\"eb-parent-wrapper eb-parent-eb-advanced-video-lrnjt \"><div class=\"eb-advanced-video-wrapper eb-advanced-video-lrnjt none\" data-id=\"eb-advanced-video-lrnjt\"><div class=\"eb-player-wrapper eb-advanced-video-lrnjt\"><div class=\"eb-player-option none right\" data-id=\"eb-advanced-video-lrnjt\" data-url=\"https:\/\/s2.gvovideo.com\/537707\/video.mp4\" data-option=\"none\" data-controls=\"true\" data-loop=\"false\" data-muted=\"false\" data-playing=\"false\" data-overlay=\"false\" data-light=\"https:\/\/gazdagodas-akademia.com\/blogom\/wp-content\/plugins\/essential-blocks\/assets\/images\/adv-video-placeholder.png\" data-customplayicontype=\"image\" data-customplayiconlib=\"fas fa-play-circle\" data-customplayicon=\"true\" data-playicon=\"https:\/\/gazdagodas-akademia.com\/blogom\/wp-content\/plugins\/essential-blocks\/assets\/images\/adv-video-playicon.svg\" data-download=\"false\"><\/div><\/div><\/div><\/div><\/div>\n\n\n\n<h2 class=\"wp-block-heading\">Mit kapsz Te, ha megcsin\u00e1lod ezt a 21 \u00f3r\u00e1s online tanfolyamot? <\/h2>\n\n\n\n<ol class=\"wp-block-list\">\n<li>Bizonyoss\u00e1got arra, hogy az online csoport\u00e9p\u00edt\u00e9ssel gyorsabban, \u00e9s k\u00f6nnyebben tudsz haladni minden c\u00e9lod el\u00e9r\u00e9s\u00e9hez<\/li>\n\n\n\n<li>K\u00e9zzel foghat\u00f3, \u00e9s biztons\u00e1gos \u00fatmutat\u00f3t a digit\u00e1lis vil\u00e1g t\u00f6rv\u00e9nyszer\u0171s\u00e9geihez <\/li>\n\n\n\n<li>Gyakorlati l\u00e9p\u00e9seket, \u00e9s kieg\u00e9sz\u00edt\u0151 anyagokat ahhoz, hogy a legr\u00f6videbb id\u0151n bel\u00fcl profi csoport \u00e9p\u00edt\u0151k\u00e9nt ismerjenek el. <\/li>\n\n\n\n<li>Gyors, \u00e9s er\u0151sen emelked\u0151 bev\u00e9teleket, amit az \u00fczleted \u00e9p\u00edt\u00e9s\u00e9vel \u00e9rhetsz el. <\/li>\n<\/ol>\n\n\n\n<p>Hogy ezeket el\u00e9rhesd, jelentkezz az online tanfolyamra itt! <\/p>\n\n\n\n<p><\/p>\n","protected":false},"excerpt":{"rendered":"<p>A csoport nagys\u00e1ga, \u00e9s n\u00f6veked\u00e9se minden esetben a vezet\u0151 nagys\u00e1g\u00e1n, \u00e9s n\u00f6veked\u00e9s\u00e9n m\u00falik!\u00a0 A bajnok k\u00e9pz\u0151 online tanfolyam egy emelt szint\u0171 speci\u00e1lis tr\u00e9ning, Russel Brunson: A Szak\u00e9rt\u0151i Titkok c\u00edm\u0171 k\u00f6nyve alapj\u00e1n lett \u00f6ssze \u00e1ll\u00edtva.\u00a0 Ez a tr\u00e9ning az E.O.H = Eredm\u00e9nye Online H\u00e1l\u00f3zat\u00e9p\u00edt\u00e9s alap szakasz\u00e1nak elv\u00e9gz\u00e9se ut\u00e1n v\u00e1lik csak lehets\u00e9gess\u00e9! Els\u0151dleges feladata az, hogy \u00e1tlag &hellip; <\/p>\n","protected":false},"author":69461,"featured_media":0,"parent":0,"menu_order":0,"comment_status":"closed","ping_status":"closed","template":"","meta":{"_seopress_robots_primary_cat":"","_seopress_titles_title":"","_seopress_titles_desc":"","_seopress_robots_index":"","_eb_attr":"","footnotes":""},"class_list":["post-1693","page","type-page","status-publish","hentry"],"_links":{"self":[{"href":"https:\/\/gazdagodas-akademia.com\/blogom\/wp-json\/wp\/v2\/pages\/1693","targetHints":{"allow":["GET"]}}],"collection":[{"href":"https:\/\/gazdagodas-akademia.com\/blogom\/wp-json\/wp\/v2\/pages"}],"about":[{"href":"https:\/\/gazdagodas-akademia.com\/blogom\/wp-json\/wp\/v2\/types\/page"}],"author":[{"embeddable":true,"href":"https:\/\/gazdagodas-akademia.com\/blogom\/wp-json\/wp\/v2\/users\/69461"}],"replies":[{"embeddable":true,"href":"https:\/\/gazdagodas-akademia.com\/blogom\/wp-json\/wp\/v2\/comments?post=1693"}],"version-history":[{"count":2,"href":"https:\/\/gazdagodas-akademia.com\/blogom\/wp-json\/wp\/v2\/pages\/1693\/revisions"}],"predecessor-version":[{"id":3651,"href":"https:\/\/gazdagodas-akademia.com\/blogom\/wp-json\/wp\/v2\/pages\/1693\/revisions\/3651"}],"wp:attachment":[{"href":"https:\/\/gazdagodas-akademia.com\/blogom\/wp-json\/wp\/v2\/media?parent=1693"}],"curies":[{"name":"wp","href":"https:\/\/api.w.org\/{rel}","templated":true}]}}